{"id":886,"date":"2023-11-18T10:34:06","date_gmt":"2023-11-18T15:34:06","guid":{"rendered":"https:\/\/cornerstoneunited.com\/clients\/"},"modified":"2024-01-29T15:53:44","modified_gmt":"2024-01-29T20:53:44","slug":"clients","status":"publish","type":"page","link":"https:\/\/cornerstoneunited.com\/fr\/clients\/","title":{"rendered":"Clients"},"content":{"rendered":"\n<h2>\n\t\tClients de CornerStone\n\t<\/h2>\n\t<p>Notre objectif est de vous permettre de reprendre la route le plus rapidement possible&#8230;<\/p>\n<h2>\n\t\tQue disent les clients de CornerStone ?\n\t<\/h2>\n\t\t\t\t\t\t\t<p>\u00ab\u00a0Je suis tr\u00e8s satisfait de CornerStone. Toutes les r\u00e9parations ont \u00e9t\u00e9 effectu\u00e9es avec tr\u00e8s peu d&rsquo;efforts de ma part.\u00a0\u00bb<\/p>\n\t\t\t\t\t\t\t\t\t<h3>Douglas B.<\/h3>\n\t\t\t\t\t\t\t<p>\u00ab\u00a0Cornerstone est le meilleur ! Ils m&rsquo;ont guid\u00e9 tout au long du processus de r\u00e9paration. Leur service \u00e0 la client\u00e8le est in\u00e9galable ! Merci ! !!\u00a0\u00bb<\/p>\n\t\t\t\t\t\t\t\t\t<h3>Danny N.<\/h3>\n\t\t\t\t\t\t\t<p>\u00ab\u00a0Ma derni\u00e8re unit\u00e9 a prouv\u00e9 la valeur de cette police et mon dernier sinistre a prouv\u00e9 l&rsquo;int\u00e9grit\u00e9 de la soci\u00e9t\u00e9. Parfois, on en a pour son argent, parfois non, mais quand les choses arrivent, Cornerstone est l\u00e0 pour nous aider.\u00a0\u00bb<\/p>\n\t\t\t\t\t\t\t\t\t<h3>Dan A.<\/h3>\n\t\t\t\t\t\t\t<p>\u00ab\u00a0J&rsquo;ai eu une crevaison qui a d\u00fb \u00eatre remplac\u00e9e. La garantie a couvert tous les frais dans un d\u00e9lai tr\u00e8s court. J&rsquo;ach\u00e8terai toujours la garantie \u00e0 chaque fois que j&rsquo;ach\u00e8terai une voiture.\u00a0\u00bb<\/p>\n\t\t\t\t\t\t\t\t\t<h3>Jeff L.<\/h3>\n\t\t\t\t\t\t\t<p>\u00ab\u00a0Lors d&rsquo;un voyage dans l&rsquo;Ouest, nous avons rencontr\u00e9 des probl\u00e8mes qui devaient \u00eatre r\u00e9par\u00e9s imm\u00e9diatement. J&rsquo;ai contact\u00e9 Cornerstone, je leur ai fait part de la situation et ils ont imm\u00e9diatement approuv\u00e9 les r\u00e9parations. Elles ont \u00e9t\u00e9 effectu\u00e9es dans les meilleurs d\u00e9lais. Merci \u00e0 Cornerstone pour sa rapidit\u00e9 et son professionnalisme.<\/p>\n\t\t\t\t\t\t\t\t\t<h3>Ken G.<\/h3>\n\t\t\t\t\t\t\t<p>\u00ab\u00a0Il s&rsquo;agissait de mon premier sinistre depuis que j&rsquo;ai souscrit l&rsquo;assurance. Tout s&rsquo;est bien pass\u00e9, sans probl\u00e8me ni tracas, mon moteur de ventilateur de climatisation a \u00e9t\u00e9 remplac\u00e9 et je n&rsquo;ai eu qu&rsquo;\u00e0 payer ma franchise. Recommand\u00e9 lors de l&rsquo;achat d&rsquo;un v\u00e9hicule r\u00e9cr\u00e9atif d&rsquo;occasion.<\/p>\n\t\t\t\t\t\t\t\t\t<h3>Seth R.<\/h3>\n\t\t\t\t\t\t\t<p>\u00ab\u00a0CornerStone fournit un plan de service \u00e9tendu pour mon camping-car depuis plusieurs ann\u00e9es. Le service que j&rsquo;ai re\u00e7u lorsque j&rsquo;ai eu besoin de Cornerstone est sans \u00e9gal. Ils sont rapides et efficaces.<\/p>\n\t\t\t\t\t\t\t\t\t<h3>Jason M.<\/h3>\n\t\t\t\t\t\t\t<p>\u00ab\u00a0J&rsquo;ai souscrit cette police lors de l&rsquo;achat de mon v\u00e9lo. Heureusement, je n&rsquo;ai pas eu besoin de l&rsquo;utiliser. J&rsquo;ai fait r\u00e9viser ma moto le mois dernier parce qu&rsquo;elle \u00e9mettait des codes, puis plus rien. Il s&rsquo;est av\u00e9r\u00e9 que c&rsquo;\u00e9tait le commutateur qui \u00e9tait d\u00e9fectueux. La r\u00e9paration a \u00e9t\u00e9 effectu\u00e9e et la police a couvert toutes les r\u00e9parations. Je suis tr\u00e8s satisfait d&rsquo;avoir souscrit cette police d&rsquo;assurance.<\/p>\n\t\t\t\t\t\t\t\t\t<h3>Patricia P.<\/h3>\n\t\t\t\t\t\t\t<p>\u00ab\u00a0J&rsquo;ai travaill\u00e9 avec plusieurs soci\u00e9t\u00e9s de garantie dans le pass\u00e9, mais je dois vous dire que CornerStone United est l&rsquo;une des meilleures exp\u00e9riences que j&rsquo;ai eues avec une soci\u00e9t\u00e9 de garantie ou une compagnie d&rsquo;assurance. Ils ont \u00e9t\u00e9 r\u00e9actifs et rapides et ont effectu\u00e9 les paiements au magasin par carte de cr\u00e9dit sans difficult\u00e9 ni probl\u00e8me. C&rsquo;est une soci\u00e9t\u00e9 solide et je la recommande \u00e0 tout le monde. 5 \u00e9toiles sur toute la ligne&#8230;\u00a0\u00bb<\/p>\n\t\t\t\t\t\t\t\t\t<h3>Hajir V.<\/h3>\n\t<!-- \/.pp-testimonials -->\n<h2>\n\t\tFAQ\n\t<\/h2>\n\t\t\t\t\t<a href=\"javascript:void(0);\" id=\"fl-accordion--label-0\" tabindex=\"0\" aria-controls=\"fl-accordion--panel-0\">O\u00f9 puis-je acheter les produits CornerStone ?<\/a>\n\t\t\t\t\t\t\t\t\t\t\t<a href=\"#\" id=\"fl-accordion--icon-0\" tabindex=\"-1\" aria-controls=\"fl-accordion--panel-0\"><i>Expand<\/i><\/a>\n\t\t\t\t\t<p>Les produits CornerStone sont disponibles chez les concessionnaires qui participent aux programmes de CornerStone. CornerStone ne vend pas directement aux consommateurs.<\/p>\n\t\t\t\t\t<a href=\"javascript:void(0);\" id=\"fl-accordion--label-1\" tabindex=\"0\" aria-controls=\"fl-accordion--panel-1\">Quel est le co\u00fbt de votre protection ?<\/a>\n\t\t\t\t\t\t\t\t\t\t\t<a href=\"#\" id=\"fl-accordion--icon-1\" tabindex=\"-1\" aria-controls=\"fl-accordion--panel-1\"><i>Expand<\/i><\/a>\n\t\t\t\t\t<p>Les prix varient en fonction de l&rsquo;\u00e2ge du v\u00e9hicule, de la couverture choisie et de la dur\u00e9e du contrat. Consultez votre revendeur CornerStone pour conna\u00eetre les prix sp\u00e9cifiques.<\/p>\n\t\t\t\t\t<a href=\"javascript:void(0);\" id=\"fl-accordion--label-2\" tabindex=\"0\" aria-controls=\"fl-accordion--panel-2\">Si j&rsquo;ai des questions sur ma couverture, \u00e0 qui puis-je m&rsquo;adresser ?<\/a>\n\t\t\t\t\t\t\t\t\t\t\t<a href=\"#\" id=\"fl-accordion--icon-2\" tabindex=\"-1\" aria-controls=\"fl-accordion--panel-2\"><i>Expand<\/i><\/a>\n\t\t\t\t\t<p>Notre \u00e9quipe de service \u00e0 la client\u00e8le est joignable du lundi au vendredi de 8h00 \u00e0 20h00 et le samedi de 9h00 \u00e0 13h00 (heure de l&rsquo;Est) pour r\u00e9pondre \u00e0 toutes vos questions.<\/p>\n\t\t\t\t\t<a href=\"javascript:void(0);\" id=\"fl-accordion--label-3\" tabindex=\"0\" aria-controls=\"fl-accordion--panel-3\">J&rsquo;ai besoin d&rsquo;une copie de ma couverture. O\u00f9 puis-je trouver cela ?<\/a>\n\t\t\t\t\t\t\t\t\t\t\t<a href=\"#\" id=\"fl-accordion--icon-3\" tabindex=\"-1\" aria-controls=\"fl-accordion--panel-3\"><i>Expand<\/i><\/a>\n\t\t\t\t\t<p>Votre concessionnaire vendeur peut vous fournir une copie de votre couverture, mais nous pouvons \u00e9galement vous fournir une copie en nous appelant au 866.912.2770.<\/p>\n\t\t\t\t\t<a href=\"javascript:void(0);\" id=\"fl-accordion--label-4\" tabindex=\"0\" aria-controls=\"fl-accordion--panel-4\">Comment introduire une demande d&rsquo;indemnisation ?<\/a>\n\t\t\t\t\t\t\t\t\t\t\t<a href=\"#\" id=\"fl-accordion--icon-4\" tabindex=\"-1\" aria-controls=\"fl-accordion--panel-4\"><i>Expand<\/i><\/a>\n\t\t\t\t\t<p>Votre concessionnaire, ou tout atelier de r\u00e9paration agr\u00e9\u00e9 si vous n&rsquo;\u00eates pas en mesure de vous rendre chez votre concessionnaire, contactera notre service des sinistres pour obtenir une autorisation pr\u00e9alable avant le d\u00e9but des travaux.<\/p>\n\t\t\t\t\t<a href=\"javascript:void(0);\" id=\"fl-accordion--label-5\" tabindex=\"0\" aria-controls=\"fl-accordion--panel-5\">Comment introduire une demande d&rsquo;indemnisation au titre de l&rsquo;assurance GAP ?<\/a>\n\t\t\t\t\t\t\t\t\t\t\t<a href=\"#\" id=\"fl-accordion--icon-5\" tabindex=\"-1\" aria-controls=\"fl-accordion--panel-5\"><i>Expand<\/i><\/a>\n\t\t\t\t\t<p>Contactez directement notre \u00e9quipe d&rsquo;indemnisation au 866.912.2768 pour faire une demande d&rsquo;indemnisation au titre de l&rsquo;assurance GAP.<\/p>\n\t\t\t\t\t<a href=\"javascript:void(0);\" id=\"fl-accordion--label-6\" tabindex=\"0\" aria-controls=\"fl-accordion--panel-6\">Puis-je transf\u00e9rer ma couverture si je vends mon v\u00e9hicule ?<\/a>\n\t\t\t\t\t\t\t\t\t\t\t<a href=\"#\" id=\"fl-accordion--icon-6\" tabindex=\"-1\" aria-controls=\"fl-accordion--panel-6\"><i>Expand<\/i><\/a>\n\t\t\t\t\t<p>La plupart des contrats peuvent \u00eatre transf\u00e9r\u00e9s \u00e0 un nouveau propri\u00e9taire par le biais d&rsquo;une transaction priv\u00e9e (et non pas n\u00e9goci\u00e9s\/vendus \u00e0 un courtier). Veuillez consulter votre accord pour conna\u00eetre les d\u00e9tails sp\u00e9cifiques et les conditions d&rsquo;\u00e9ligibilit\u00e9.<\/p>\n\t\t\t\t\t<a href=\"javascript:void(0);\" id=\"fl-accordion--label-7\" tabindex=\"0\" aria-controls=\"fl-accordion--panel-7\">Comment puis-je r\u00e9silier ma couverture ?<\/a>\n\t\t\t\t\t\t\t\t\t\t\t<a href=\"#\" id=\"fl-accordion--icon-7\" tabindex=\"-1\" aria-controls=\"fl-accordion--panel-7\"><i>Expand<\/i><\/a>\n\t\t\t\t\t<p>Les annulations sont g\u00e9n\u00e9ralement effectu\u00e9es par l&rsquo;interm\u00e9diaire de votre revendeur. Veuillez contacter votre revendeur pour entamer la proc\u00e9dure d&rsquo;annulation. Si votre d\u00e9taillant n&rsquo;est plus en affaires, veuillez communiquer avec CornerStone au 866.912.2770.<\/p>\n<h2>\n\t\tComment d\u00e9poser une demande d&rsquo;indemnisation\n\t<\/h2>\n\tLa plupart des accords exigent une autorisation pr\u00e9alable avant que les travaux puissent commencer. N&rsquo;entreprenez aucune r\u00e9paration avant que vous ou votre r\u00e9parateur avez contact\u00e9 CornerStone et avez re\u00e7u l&rsquo;autorisation d&rsquo;effectuer des r\u00e9parations. Veuillez avoir votre prestataire de services nous contacter au\u00a0:\n<strong>NOUS &#8211; 877.667.1762 <\/strong>\n<strong>Canada &#8211; 855.963.4779<\/strong>\n<h2>\n\t\tTransferts\n\t<\/h2>\n\tDe nombreux produits sont transf\u00e9rables entre les transactions de parties priv\u00e9es, ce qui peut ajouter de la valeur \u00e0 la transaction.  si vous souhaitez revendre le v\u00e9hicule couvert. De nombreux transferts doivent \u00eatre effectu\u00e9s et  soumis avec le paiement dans les 30 jours suivant la vente du v\u00e9hicule couvert.\n\t\t\t<a href=\"https:\/\/cornerstoneunited.com\/wp-content\/uploads\/2023\/12\/CornerStone-Transfer-Form.pdf\" target=\"_self\" rel=\"noopener\">\n\t\t\t\t\t\t\tT\u00e9l\u00e9charger le formulaire de transfert (PDF)\n\t\t\t\t\t<\/a>\n<h2>\n\t\tAnnulations\n\t<\/h2>\n\tDans la plupart des cas, les annulations doivent \u00eatre initi\u00e9es par l&rsquo;interm\u00e9diaire du revendeur dans lequel le produit a \u00e9t\u00e9 achet\u00e9.  a \u00e9t\u00e9 achet\u00e9 aupr\u00e8s de. Veuillez noter que tous les produits ne sont pas annulables.  pour plus de d\u00e9tails. Une fois la demande soumise, il faut compter jusqu&rsquo;\u00e0 30 jours pour l&rsquo;envoi de la demande.  pour que l&rsquo;annulation soit trait\u00e9e. Une fois le formulaire rempli, le montant du remboursement sera envoy\u00e9 \u00e0 l&rsquo;adresse suivante  votre concessionnaire et appliqu\u00e9 au solde du pr\u00eat, le cas \u00e9ch\u00e9ant, ou vous est envoy\u00e9.\nSi le concessionnaire aupr\u00e8s duquel vous avez achet\u00e9 le produit n&rsquo;est plus en activit\u00e9, veuillez remplir le formulaire d&rsquo;annulation et l&rsquo;envoyer \u00e0 <a href=\"mailto:cancellations@cornerstoneunited.com\"><br \/>\n  cancellations@cornerstoneunited.com<br \/>\n<\/a>.\n\t\t\t<a href=\"https:\/\/cornerstoneunited.com\/wp-content\/uploads\/2023\/12\/CornerStone-Cancellation-Request-Form.pdf\" target=\"_self\" rel=\"noopener\">\n\t\t\t\t\t\t\tT\u00e9l\u00e9charger le formulaire d&rsquo;annulation (PDF)\n\t\t\t\t\t<\/a>\n\n","protected":false},"excerpt":{"rendered":"<p>Clients de CornerStone Notre objectif est de vous permettre de reprendre la route le plus rapidement possible&#8230; Que disent les clients de CornerStone ? \u00ab\u00a0Je suis tr\u00e8s satisfait de CornerStone. Toutes les r\u00e9parations ont \u00e9t\u00e9 effectu\u00e9es avec tr\u00e8s peu d&rsquo;efforts de ma part.\u00a0\u00bb Douglas B. \u00ab\u00a0Cornerstone est le meilleur ! Ils m&rsquo;ont guid\u00e9 tout au&hellip;<\/p>\n","protected":false},"author":3,"featured_media":0,"parent":0,"menu_order":0,"comment_status":"closed","ping_status":"closed","template":"","meta":{"footnotes":""},"class_list":["post-886","page","type-page","status-publish","hentry"],"yoast_head":"<!-- This site is optimized with the Yoast SEO plugin v27.4 - https:\/\/yoast.com\/product\/yoast-seo-wordpress\/ -->\n<title>Cornerstone United - Nos clients<\/title>\n<meta name=\"description\" content=\"Nous fournissons des garanties pr\u00e9cieuses pour les automobiles, les sports motoris\u00e9s, les v\u00e9hicules de loisirs, les produits nautiques et les maisons pr\u00e9fabriqu\u00e9es.\" \/>\n<meta name=\"robots\" content=\"index, follow, max-snippet:-1, max-image-preview:large, max-video-preview:-1\" \/>\n<link rel=\"canonical\" href=\"https:\/\/cornerstoneunited.com\/fr\/clients\/\" \/>\n<meta property=\"og:locale\" content=\"fr_FR\" \/>\n<meta property=\"og:type\" content=\"article\" \/>\n<meta property=\"og:title\" content=\"Cornerstone United - Nos clients\" \/>\n<meta property=\"og:description\" content=\"Nous fournissons des garanties pr\u00e9cieuses pour les automobiles, les sports motoris\u00e9s, les v\u00e9hicules de loisirs, les produits nautiques et les maisons pr\u00e9fabriqu\u00e9es.\" \/>\n<meta property=\"og:url\" content=\"https:\/\/cornerstoneunited.com\/fr\/clients\/\" \/>\n<meta property=\"og:site_name\" content=\"Cornerstone\" \/>\n<meta property=\"article:modified_time\" content=\"2024-01-29T20:53:44+00:00\" \/>\n<meta name=\"twitter:card\" content=\"summary_large_image\" \/>\n<meta name=\"twitter:label1\" content=\"Dur\u00e9e de lecture estim\u00e9e\" \/>\n\t<meta name=\"twitter:data1\" content=\"5 minutes\" \/>\n<script type=\"application\/ld+json\" class=\"yoast-schema-graph\">{\"@context\":\"https:\\\/\\\/schema.org\",\"@graph\":[{\"@type\":\"WebPage\",\"@id\":\"https:\\\/\\\/cornerstoneunited.com\\\/fr\\\/clients\\\/\",\"url\":\"https:\\\/\\\/cornerstoneunited.com\\\/fr\\\/clients\\\/\",\"name\":\"Cornerstone United - Nos clients\",\"isPartOf\":{\"@id\":\"https:\\\/\\\/cornerstoneunited.com\\\/fr\\\/#website\"},\"datePublished\":\"2023-11-18T15:34:06+00:00\",\"dateModified\":\"2024-01-29T20:53:44+00:00\",\"description\":\"Nous fournissons des garanties pr\u00e9cieuses pour les automobiles, les sports motoris\u00e9s, les v\u00e9hicules de loisirs, les produits nautiques et les maisons pr\u00e9fabriqu\u00e9es.\",\"breadcrumb\":{\"@id\":\"https:\\\/\\\/cornerstoneunited.com\\\/fr\\\/clients\\\/#breadcrumb\"},\"inLanguage\":\"fr-FR\",\"potentialAction\":[{\"@type\":\"ReadAction\",\"target\":[\"https:\\\/\\\/cornerstoneunited.com\\\/fr\\\/clients\\\/\"]}]},{\"@type\":\"BreadcrumbList\",\"@id\":\"https:\\\/\\\/cornerstoneunited.com\\\/fr\\\/clients\\\/#breadcrumb\",\"itemListElement\":[{\"@type\":\"ListItem\",\"position\":1,\"name\":\"Home\",\"item\":\"https:\\\/\\\/cornerstoneunited.com\\\/fr\\\/\"},{\"@type\":\"ListItem\",\"position\":2,\"name\":\"Clients\"}]},{\"@type\":\"WebSite\",\"@id\":\"https:\\\/\\\/cornerstoneunited.com\\\/fr\\\/#website\",\"url\":\"https:\\\/\\\/cornerstoneunited.com\\\/fr\\\/\",\"name\":\"Cornerstone\",\"description\":\"Integris Design LLC Development Kit\",\"potentialAction\":[{\"@type\":\"SearchAction\",\"target\":{\"@type\":\"EntryPoint\",\"urlTemplate\":\"https:\\\/\\\/cornerstoneunited.com\\\/fr\\\/?s={search_term_string}\"},\"query-input\":{\"@type\":\"PropertyValueSpecification\",\"valueRequired\":true,\"valueName\":\"search_term_string\"}}],\"inLanguage\":\"fr-FR\"}]}<\/script>\n<!-- \/ Yoast SEO plugin. -->","yoast_head_json":{"title":"Cornerstone United - Nos clients","description":"Nous fournissons des garanties pr\u00e9cieuses pour les automobiles, les sports motoris\u00e9s, les v\u00e9hicules de loisirs, les produits nautiques et les maisons pr\u00e9fabriqu\u00e9es.","robots":{"index":"index","follow":"follow","max-snippet":"max-snippet:-1","max-image-preview":"max-image-preview:large","max-video-preview":"max-video-preview:-1"},"canonical":"https:\/\/cornerstoneunited.com\/fr\/clients\/","og_locale":"fr_FR","og_type":"article","og_title":"Cornerstone United - Nos clients","og_description":"Nous fournissons des garanties pr\u00e9cieuses pour les automobiles, les sports motoris\u00e9s, les v\u00e9hicules de loisirs, les produits nautiques et les maisons pr\u00e9fabriqu\u00e9es.","og_url":"https:\/\/cornerstoneunited.com\/fr\/clients\/","og_site_name":"Cornerstone","article_modified_time":"2024-01-29T20:53:44+00:00","twitter_card":"summary_large_image","twitter_misc":{"Dur\u00e9e de lecture estim\u00e9e":"5 minutes"},"schema":{"@context":"https:\/\/schema.org","@graph":[{"@type":"WebPage","@id":"https:\/\/cornerstoneunited.com\/fr\/clients\/","url":"https:\/\/cornerstoneunited.com\/fr\/clients\/","name":"Cornerstone United - Nos clients","isPartOf":{"@id":"https:\/\/cornerstoneunited.com\/fr\/#website"},"datePublished":"2023-11-18T15:34:06+00:00","dateModified":"2024-01-29T20:53:44+00:00","description":"Nous fournissons des garanties pr\u00e9cieuses pour les automobiles, les sports motoris\u00e9s, les v\u00e9hicules de loisirs, les produits nautiques et les maisons pr\u00e9fabriqu\u00e9es.","breadcrumb":{"@id":"https:\/\/cornerstoneunited.com\/fr\/clients\/#breadcrumb"},"inLanguage":"fr-FR","potentialAction":[{"@type":"ReadAction","target":["https:\/\/cornerstoneunited.com\/fr\/clients\/"]}]},{"@type":"BreadcrumbList","@id":"https:\/\/cornerstoneunited.com\/fr\/clients\/#breadcrumb","itemListElement":[{"@type":"ListItem","position":1,"name":"Home","item":"https:\/\/cornerstoneunited.com\/fr\/"},{"@type":"ListItem","position":2,"name":"Clients"}]},{"@type":"WebSite","@id":"https:\/\/cornerstoneunited.com\/fr\/#website","url":"https:\/\/cornerstoneunited.com\/fr\/","name":"Cornerstone","description":"Integris Design LLC Development Kit","potentialAction":[{"@type":"SearchAction","target":{"@type":"EntryPoint","urlTemplate":"https:\/\/cornerstoneunited.com\/fr\/?s={search_term_string}"},"query-input":{"@type":"PropertyValueSpecification","valueRequired":true,"valueName":"search_term_string"}}],"inLanguage":"fr-FR"}]}},"_links":{"self":[{"href":"https:\/\/cornerstoneunited.com\/fr\/wp-json\/wp\/v2\/pages\/886","targetHints":{"allow":["GET"]}}],"collection":[{"href":"https:\/\/cornerstoneunited.com\/fr\/wp-json\/wp\/v2\/pages"}],"about":[{"href":"https:\/\/cornerstoneunited.com\/fr\/wp-json\/wp\/v2\/types\/page"}],"author":[{"embeddable":true,"href":"https:\/\/cornerstoneunited.com\/fr\/wp-json\/wp\/v2\/users\/3"}],"replies":[{"embeddable":true,"href":"https:\/\/cornerstoneunited.com\/fr\/wp-json\/wp\/v2\/comments?post=886"}],"version-history":[{"count":0,"href":"https:\/\/cornerstoneunited.com\/fr\/wp-json\/wp\/v2\/pages\/886\/revisions"}],"wp:attachment":[{"href":"https:\/\/cornerstoneunited.com\/fr\/wp-json\/wp\/v2\/media?parent=886"}],"curies":[{"name":"wp","href":"https:\/\/api.w.org\/{rel}","templated":true}]}}