{"id":873,"date":"2023-11-21T12:34:08","date_gmt":"2023-11-21T17:34:08","guid":{"rendered":"https:\/\/cornerstoneunited.com\/les-concessionnaires\/"},"modified":"2024-01-29T15:46:33","modified_gmt":"2024-01-29T20:46:33","slug":"les-concessionnaires","status":"publish","type":"page","link":"https:\/\/cornerstoneunited.com\/fr\/les-concessionnaires\/","title":{"rendered":"Les concessionnaires"},"content":{"rendered":"\n<h2>\n\t\tConcessionnaires CornerStone\n\t<\/h2>\n\t<p>Un partenaire \u00e0 vos c\u00f4t\u00e9s pour fournir des produits de protection pr\u00e9cieux et innovants \u00e0 vos clients.<\/p>\n<h2>\n\t\tNous vous couvrons, vous et vos clients\n\t<\/h2>\n\tCornerStone offre une gamme compl\u00e8te de produits de protection pour les automobiles, les v\u00e9hicules r\u00e9cr\u00e9atifs, les sports motoris\u00e9s, la marine et le chauffage, la ventilation et la climatisation.<br \/>\nAvec des produits de protection pour tous les types de concessionnaires, une opportunit\u00e9 de vente se pr\u00e9sente \u00e0 chaque fois \u00e0 votre concessionnaire avec CornerStone. Voici quelques-uns des points forts de ce programme unique\n<ul>\n<li>Utilisation commerciale avec kilom\u00e9trage illimit\u00e9<\/li>\n<li>Couverture des v\u00e9hicules exotiques, y compris les VE, avec des limites de responsabilit\u00e9 ACV<\/li>\n<li>Tous les \u00e2ges et tous les kilom\u00e9trages sont \u00e9ligibles<\/li>\n<li>Produits \u00e9ligibles apr\u00e8s la vente<\/li>\n<li>Couverture de l&rsquo;usage commercial, des v\u00e9hicules modifi\u00e9s et des pneus sur\u00e9lev\u00e9s ou surdimensionn\u00e9s sans suppl\u00e9ment de prix<\/li>\n<li>Et bien d&rsquo;autres encore !<\/li>\n<\/ul>\n\t\t\t<a href=\"https:\/\/cornerstoneunited.com\/fr\/produits\/\" target=\"_self\" rel=\"noopener\">\n\t\t\t\t\t\t\tVoir notre gamme compl\u00e8te de produits\n\t\t\t\t\t<\/a>\n<h2>\n\t\tDevenez un concessionnaire CornerStone d\u00e8s aujourd&rsquo;hui et d\u00e9couvrez comment nous pouvons vous aider \u00e0 offrir la meilleure protection possible \u00e0 vos clients afin de les fid\u00e9liser !\n\t<\/h2>\n<h2>\n\t\tInt\u00e9gration\/Partenaires technologiques\n\t<\/h2>\n\t<p>CornerStone propose des plateformes technologiques et des int\u00e9grations pour aider \u00e0 maintenir le processus de vente transparent et efficace. Nous sommes int\u00e9gr\u00e9s \u00e0 PEN, F&amp;I Express et Menu Metric et fournissons des services d&rsquo;int\u00e9gration \u00e0 des centaines de plateformes DMS et de menus.<\/p>\n<h2>\n\t\tFAQ\n\t<\/h2>\n\t\t\t\t\t<a href=\"javascript:void(0);\" id=\"fl-accordion--label-0\" tabindex=\"0\" aria-controls=\"fl-accordion--panel-0\">Comment puis-je devenir un revendeur CornerStone ?<\/a>\n\t\t\t\t\t\t\t\t\t\t\t<a href=\"#\" id=\"fl-accordion--icon-0\" tabindex=\"-1\" aria-controls=\"fl-accordion--panel-0\"><i>Expand<\/i><\/a>\n\t\t\t\t\t<p>Nous serions heureux d&rsquo;examiner avec vous les programmes de CornerStone et de vous mettre en contact avec un agent de CornerStone. Veuillez nous contacter au 866.913.3525 ou \u00e0 l&rsquo;<a href=\"mailto:sales@cornerstoneunited.com\" target=\"_blank\" rel=\"noopener\">adresse sales@cornerstoneunited.com<\/a>.<\/p>\n\t\t\t\t\t<a href=\"javascript:void(0);\" id=\"fl-accordion--label-1\" tabindex=\"0\" aria-controls=\"fl-accordion--panel-1\">Comment commander du mat\u00e9riel\/des fournitures de marketing ?<\/a>\n\t\t\t\t\t\t\t\t\t\t\t<a href=\"#\" id=\"fl-accordion--icon-1\" tabindex=\"-1\" aria-controls=\"fl-accordion--panel-1\"><i>Expand<\/i><\/a>\n\t\t\t\t\t<p>Une fois que vous \u00eates un revendeur actif, connectez-vous au portail web de CornerStone. Dans le menu sup\u00e9rieur, s\u00e9lectionnez \u00ab\u00a0Fournitures\u00a0\u00bb puis \u00ab\u00a0Commander des fournitures\u00a0\u00bb. Vous pourrez s\u00e9lectionner les fournitures et les quantit\u00e9s que vous souhaitez voir envoy\u00e9es \u00e0 votre concession.<\/p>\n\t\t\t\t\t<a href=\"javascript:void(0);\" id=\"fl-accordion--label-2\" tabindex=\"0\" aria-controls=\"fl-accordion--panel-2\">Comment obtenir un nom d&rsquo;utilisateur pour le portail web CornerStone ?<\/a>\n\t\t\t\t\t\t\t\t\t\t\t<a href=\"#\" id=\"fl-accordion--icon-2\" tabindex=\"-1\" aria-controls=\"fl-accordion--panel-2\"><i>Expand<\/i><\/a>\n\t\t\t\t\t<p>Les informations d&rsquo;identification sont fournies \u00e0 au moins un utilisateur lorsqu&rsquo;un nouveau revendeur est configur\u00e9 avec CornerStone. Cet utilisateur est g\u00e9n\u00e9ralement d\u00e9fini comme le gestionnaire des utilisateurs pour la concession et a la possibilit\u00e9 d&rsquo;ajouter de nouveaux utilisateurs. L&rsquo;\u00e9quipe de vente de CornerStone peut \u00e9galement vous aider en appelant le 866.913.3525 ou en <a href=\"mailto:sales@cornerstoneunited.com\" target=\"_blank\" rel=\"noopener\">se rendant sur le site sales@cornerstoneunited.com<\/a>.<\/p>\n\t\t\t\t\t<a href=\"javascript:void(0);\" id=\"fl-accordion--label-3\" tabindex=\"0\" aria-controls=\"fl-accordion--panel-3\">Comment acc\u00e9der au portail ?<\/a>\n\t\t\t\t\t\t\t\t\t\t\t<a href=\"#\" id=\"fl-accordion--icon-3\" tabindex=\"-1\" aria-controls=\"fl-accordion--panel-3\"><i>Expand<\/i><\/a>\n\t\t\t\t\tVous pouvez acc\u00e9der au portail en <a href=\"https:\/\/portal.cornerstoneunited.com\/Account\/Login\" target=\"_blank\" rel=\"noopener\"><br \/>\n  <strong>cliquant ici<\/strong><br \/>\n<\/a>\n\t\t\t\t\t<a href=\"javascript:void(0);\" id=\"fl-accordion--label-4\" tabindex=\"0\" aria-controls=\"fl-accordion--panel-4\">Le portail web de CornerStone propose-t-il des contrats \u00e9lectroniques ?<\/a>\n\t\t\t\t\t\t\t\t\t\t\t<a href=\"#\" id=\"fl-accordion--icon-4\" tabindex=\"-1\" aria-controls=\"fl-accordion--panel-4\"><i>Expand<\/i><\/a>\n\t\t\t\t\t<p>Oui, tous les produits disponibles peuvent \u00eatre soumis pour tous les programmes sur le portail web de CornerStone. Cela permet une soumission instantan\u00e9e \u00e0 CornerStone et une visibilit\u00e9 dans votre connexion sous \u00ab\u00a0mes contrats\u00a0\u00bb.<\/p>\n\t\t\t\t\t<a href=\"javascript:void(0);\" id=\"fl-accordion--label-5\" tabindex=\"0\" aria-controls=\"fl-accordion--panel-5\">Comment dois-je proc\u00e9der \u00e0 la remise des contrats vendus par mon concessionnaire ?<\/a>\n\t\t\t\t\t\t\t\t\t\t\t<a href=\"#\" id=\"fl-accordion--icon-5\" tabindex=\"-1\" aria-controls=\"fl-accordion--panel-5\"><i>Expand<\/i><\/a>\n\t\t\t\t\t<p>Dans le portail web CornerStone, dans le menu sup\u00e9rieur, s\u00e9lectionnez \u00ab\u00a0Paiements\u00a0\u00bb puis \u00ab\u00a0Effectuer des paiements\u00a0\u00bb. CornerStone propose des options de paiement par ch\u00e8que papier, carte de cr\u00e9dit et ch\u00e8que \u00e9lectronique\/ACH.<\/p>\n\t\t\t\t\t<a href=\"javascript:void(0);\" id=\"fl-accordion--label-6\" tabindex=\"0\" aria-controls=\"fl-accordion--panel-6\">\u00c0 quelle fr\u00e9quence dois-je effectuer des versements pour les affaires vendues par mon concessionnaire ?<\/a>\n\t\t\t\t\t\t\t\t\t\t\t<a href=\"#\" id=\"fl-accordion--icon-6\" tabindex=\"-1\" aria-controls=\"fl-accordion--panel-6\"><i>Expand<\/i><\/a>\n\t\t\t\t\t<p>Afin d&rsquo;\u00e9viter tout retard dans le traitement des demandes d&rsquo;indemnisation, nous vous conseillons d&rsquo;effectuer vos versements d\u00e8s que possible pour activer la couverture vendue par votre concessionnaire. Tous les contrats doivent \u00eatre remis dans les 30 jours suivant leur vente.<\/p>\n\t\t\t\t\t<a href=\"javascript:void(0);\" id=\"fl-accordion--label-7\" tabindex=\"0\" aria-controls=\"fl-accordion--panel-7\">Comment d\u00e9poser une demande d&rsquo;indemnisation ?<\/a>\n\t\t\t\t\t\t\t\t\t\t\t<a href=\"#\" id=\"fl-accordion--icon-7\" tabindex=\"-1\" aria-controls=\"fl-accordion--panel-7\"><i>Expand<\/i><\/a>\n\t\t\t\t\t<p>Les demandes d&rsquo;indemnisation peuvent \u00eatre soumises en ligne via le portail web CornerStone en s\u00e9lectionnant \u00ab\u00a0Demandes d&rsquo;indemnisation\u00a0\u00bb et \u00ab\u00a0Commencer une demande d&rsquo;indemnisation\u00a0\u00bb dans la barre de menu sup\u00e9rieure. Les r\u00e9clamations peuvent \u00e9galement \u00eatre d\u00e9clar\u00e9es par t\u00e9l\u00e9phone en appelant le 877.617.1762 ou par courrier \u00e9lectronique \u00e0 l&rsquo;adresse <a href=\"mailto:claims@cornerstoneunited.com\">claims@cornerstoneunited.com<\/a>.<\/p>\n\n","protected":false},"excerpt":{"rendered":"<p>Concessionnaires CornerStone Un partenaire \u00e0 vos c\u00f4t\u00e9s pour fournir des produits de protection pr\u00e9cieux et innovants \u00e0 vos clients. Nous vous couvrons, vous et vos clients CornerStone offre une gamme compl\u00e8te de produits de protection pour les automobiles, les v\u00e9hicules r\u00e9cr\u00e9atifs, les sports motoris\u00e9s, la marine et le chauffage, la ventilation et la climatisation. Avec&hellip;<\/p>\n","protected":false},"author":3,"featured_media":0,"parent":0,"menu_order":0,"comment_status":"closed","ping_status":"closed","template":"","meta":{"footnotes":""},"class_list":["post-873","page","type-page","status-publish","hentry"],"yoast_head":"<!-- This site is optimized with the Yoast SEO plugin v27.4 - https:\/\/yoast.com\/product\/yoast-seo-wordpress\/ -->\n<title>Cornerstone United - Distributeurs<\/title>\n<meta name=\"description\" content=\"Nous fournissons des garanties pr\u00e9cieuses pour les automobiles, les sports motoris\u00e9s, les v\u00e9hicules de loisirs, les produits nautiques et les maisons pr\u00e9fabriqu\u00e9es.\" \/>\n<meta name=\"robots\" content=\"index, follow, max-snippet:-1, max-image-preview:large, max-video-preview:-1\" \/>\n<link rel=\"canonical\" href=\"https:\/\/cornerstoneunited.com\/fr\/les-concessionnaires\/\" \/>\n<meta property=\"og:locale\" content=\"fr_FR\" \/>\n<meta property=\"og:type\" content=\"article\" \/>\n<meta property=\"og:title\" content=\"Cornerstone United - Distributeurs\" \/>\n<meta property=\"og:description\" content=\"Nous fournissons des garanties pr\u00e9cieuses pour les automobiles, les sports motoris\u00e9s, les v\u00e9hicules de loisirs, les produits nautiques et les maisons pr\u00e9fabriqu\u00e9es.\" \/>\n<meta property=\"og:url\" content=\"https:\/\/cornerstoneunited.com\/fr\/les-concessionnaires\/\" \/>\n<meta property=\"og:site_name\" content=\"Cornerstone\" \/>\n<meta property=\"article:modified_time\" content=\"2024-01-29T20:46:33+00:00\" \/>\n<meta name=\"twitter:card\" content=\"summary_large_image\" \/>\n<meta name=\"twitter:label1\" content=\"Dur\u00e9e de lecture estim\u00e9e\" \/>\n\t<meta name=\"twitter:data1\" content=\"3 minutes\" \/>\n<script type=\"application\/ld+json\" class=\"yoast-schema-graph\">{\"@context\":\"https:\\\/\\\/schema.org\",\"@graph\":[{\"@type\":\"WebPage\",\"@id\":\"https:\\\/\\\/cornerstoneunited.com\\\/fr\\\/les-concessionnaires\\\/\",\"url\":\"https:\\\/\\\/cornerstoneunited.com\\\/fr\\\/les-concessionnaires\\\/\",\"name\":\"Cornerstone United - Distributeurs\",\"isPartOf\":{\"@id\":\"https:\\\/\\\/cornerstoneunited.com\\\/fr\\\/#website\"},\"datePublished\":\"2023-11-21T17:34:08+00:00\",\"dateModified\":\"2024-01-29T20:46:33+00:00\",\"description\":\"Nous fournissons des garanties pr\u00e9cieuses pour les automobiles, les sports motoris\u00e9s, les v\u00e9hicules de loisirs, les produits nautiques et les maisons pr\u00e9fabriqu\u00e9es.\",\"breadcrumb\":{\"@id\":\"https:\\\/\\\/cornerstoneunited.com\\\/fr\\\/les-concessionnaires\\\/#breadcrumb\"},\"inLanguage\":\"fr-FR\",\"potentialAction\":[{\"@type\":\"ReadAction\",\"target\":[\"https:\\\/\\\/cornerstoneunited.com\\\/fr\\\/les-concessionnaires\\\/\"]}]},{\"@type\":\"BreadcrumbList\",\"@id\":\"https:\\\/\\\/cornerstoneunited.com\\\/fr\\\/les-concessionnaires\\\/#breadcrumb\",\"itemListElement\":[{\"@type\":\"ListItem\",\"position\":1,\"name\":\"Home\",\"item\":\"https:\\\/\\\/cornerstoneunited.com\\\/fr\\\/\"},{\"@type\":\"ListItem\",\"position\":2,\"name\":\"Les concessionnaires\"}]},{\"@type\":\"WebSite\",\"@id\":\"https:\\\/\\\/cornerstoneunited.com\\\/fr\\\/#website\",\"url\":\"https:\\\/\\\/cornerstoneunited.com\\\/fr\\\/\",\"name\":\"Cornerstone\",\"description\":\"Integris Design LLC Development Kit\",\"potentialAction\":[{\"@type\":\"SearchAction\",\"target\":{\"@type\":\"EntryPoint\",\"urlTemplate\":\"https:\\\/\\\/cornerstoneunited.com\\\/fr\\\/?s={search_term_string}\"},\"query-input\":{\"@type\":\"PropertyValueSpecification\",\"valueRequired\":true,\"valueName\":\"search_term_string\"}}],\"inLanguage\":\"fr-FR\"}]}<\/script>\n<!-- \/ Yoast SEO plugin. -->","yoast_head_json":{"title":"Cornerstone United - Distributeurs","description":"Nous fournissons des garanties pr\u00e9cieuses pour les automobiles, les sports motoris\u00e9s, les v\u00e9hicules de loisirs, les produits nautiques et les maisons pr\u00e9fabriqu\u00e9es.","robots":{"index":"index","follow":"follow","max-snippet":"max-snippet:-1","max-image-preview":"max-image-preview:large","max-video-preview":"max-video-preview:-1"},"canonical":"https:\/\/cornerstoneunited.com\/fr\/les-concessionnaires\/","og_locale":"fr_FR","og_type":"article","og_title":"Cornerstone United - Distributeurs","og_description":"Nous fournissons des garanties pr\u00e9cieuses pour les automobiles, les sports motoris\u00e9s, les v\u00e9hicules de loisirs, les produits nautiques et les maisons pr\u00e9fabriqu\u00e9es.","og_url":"https:\/\/cornerstoneunited.com\/fr\/les-concessionnaires\/","og_site_name":"Cornerstone","article_modified_time":"2024-01-29T20:46:33+00:00","twitter_card":"summary_large_image","twitter_misc":{"Dur\u00e9e de lecture estim\u00e9e":"3 minutes"},"schema":{"@context":"https:\/\/schema.org","@graph":[{"@type":"WebPage","@id":"https:\/\/cornerstoneunited.com\/fr\/les-concessionnaires\/","url":"https:\/\/cornerstoneunited.com\/fr\/les-concessionnaires\/","name":"Cornerstone United - Distributeurs","isPartOf":{"@id":"https:\/\/cornerstoneunited.com\/fr\/#website"},"datePublished":"2023-11-21T17:34:08+00:00","dateModified":"2024-01-29T20:46:33+00:00","description":"Nous fournissons des garanties pr\u00e9cieuses pour les automobiles, les sports motoris\u00e9s, les v\u00e9hicules de loisirs, les produits nautiques et les maisons pr\u00e9fabriqu\u00e9es.","breadcrumb":{"@id":"https:\/\/cornerstoneunited.com\/fr\/les-concessionnaires\/#breadcrumb"},"inLanguage":"fr-FR","potentialAction":[{"@type":"ReadAction","target":["https:\/\/cornerstoneunited.com\/fr\/les-concessionnaires\/"]}]},{"@type":"BreadcrumbList","@id":"https:\/\/cornerstoneunited.com\/fr\/les-concessionnaires\/#breadcrumb","itemListElement":[{"@type":"ListItem","position":1,"name":"Home","item":"https:\/\/cornerstoneunited.com\/fr\/"},{"@type":"ListItem","position":2,"name":"Les concessionnaires"}]},{"@type":"WebSite","@id":"https:\/\/cornerstoneunited.com\/fr\/#website","url":"https:\/\/cornerstoneunited.com\/fr\/","name":"Cornerstone","description":"Integris Design LLC Development Kit","potentialAction":[{"@type":"SearchAction","target":{"@type":"EntryPoint","urlTemplate":"https:\/\/cornerstoneunited.com\/fr\/?s={search_term_string}"},"query-input":{"@type":"PropertyValueSpecification","valueRequired":true,"valueName":"search_term_string"}}],"inLanguage":"fr-FR"}]}},"_links":{"self":[{"href":"https:\/\/cornerstoneunited.com\/fr\/wp-json\/wp\/v2\/pages\/873","targetHints":{"allow":["GET"]}}],"collection":[{"href":"https:\/\/cornerstoneunited.com\/fr\/wp-json\/wp\/v2\/pages"}],"about":[{"href":"https:\/\/cornerstoneunited.com\/fr\/wp-json\/wp\/v2\/types\/page"}],"author":[{"embeddable":true,"href":"https:\/\/cornerstoneunited.com\/fr\/wp-json\/wp\/v2\/users\/3"}],"replies":[{"embeddable":true,"href":"https:\/\/cornerstoneunited.com\/fr\/wp-json\/wp\/v2\/comments?post=873"}],"version-history":[{"count":0,"href":"https:\/\/cornerstoneunited.com\/fr\/wp-json\/wp\/v2\/pages\/873\/revisions"}],"wp:attachment":[{"href":"https:\/\/cornerstoneunited.com\/fr\/wp-json\/wp\/v2\/media?parent=873"}],"curies":[{"name":"wp","href":"https:\/\/api.w.org\/{rel}","templated":true}]}}