{"id":860,"date":"2023-11-18T10:10:24","date_gmt":"2023-11-18T15:10:24","guid":{"rendered":"https:\/\/cornerstoneunited.com\/offres-groupees-combinaisons-accessoires\/"},"modified":"2023-11-18T10:10:24","modified_gmt":"2023-11-18T15:10:24","slug":"offres-groupees-combinaisons-accessoires","status":"publish","type":"page","link":"https:\/\/cornerstoneunited.com\/fr\/offres-groupees-combinaisons-accessoires\/","title":{"rendered":"Offres group\u00e9es\/combinaisons accessoires"},"content":{"rendered":"","protected":false},"excerpt":{"rendered":"","protected":false},"author":3,"featured_media":0,"parent":0,"menu_order":0,"comment_status":"closed","ping_status":"closed","template":"","meta":{"footnotes":""},"class_list":["post-860","page","type-page","status-publish","hentry"],"yoast_head":"<!-- This site is optimized with the Yoast SEO plugin v27.1.1 - https:\/\/yoast.com\/product\/yoast-seo-wordpress\/ -->\n<title>Cornerstone - Offres group\u00e9es\/combinaisons accessoires - Mise \u00e0 jour<\/title>\n<meta name=\"description\" content=\"Nous fournissons des garanties pr\u00e9cieuses pour les automobiles, les sports motoris\u00e9s, les v\u00e9hicules de loisirs, les produits nautiques et les maisons pr\u00e9fabriqu\u00e9es.\" \/>\n<meta name=\"robots\" content=\"index, follow, max-snippet:-1, max-image-preview:large, max-video-preview:-1\" \/>\n<link rel=\"canonical\" href=\"https:\/\/cornerstoneunited.com\/fr\/offres-groupees-combinaisons-accessoires\/\" \/>\n<meta property=\"og:locale\" content=\"fr_FR\" \/>\n<meta property=\"og:type\" content=\"article\" \/>\n<meta property=\"og:title\" content=\"Cornerstone - Offres group\u00e9es\/combinaisons accessoires - Mise \u00e0 jour\" \/>\n<meta property=\"og:description\" content=\"Nous fournissons des garanties pr\u00e9cieuses pour les automobiles, les sports motoris\u00e9s, les v\u00e9hicules de loisirs, les produits nautiques et les maisons pr\u00e9fabriqu\u00e9es.\" \/>\n<meta property=\"og:url\" content=\"https:\/\/cornerstoneunited.com\/fr\/offres-groupees-combinaisons-accessoires\/\" \/>\n<meta property=\"og:site_name\" content=\"Cornerstone\" \/>\n<meta name=\"twitter:card\" content=\"summary_large_image\" \/>\n<script type=\"application\/ld+json\" class=\"yoast-schema-graph\">{\"@context\":\"https:\/\/schema.org\",\"@graph\":[{\"@type\":\"WebPage\",\"@id\":\"https:\/\/cornerstoneunited.com\/fr\/offres-groupees-combinaisons-accessoires\/\",\"url\":\"https:\/\/cornerstoneunited.com\/fr\/offres-groupees-combinaisons-accessoires\/\",\"name\":\"Cornerstone - Offres group\u00e9es\/combinaisons accessoires - Mise \u00e0 jour\",\"isPartOf\":{\"@id\":\"https:\/\/cornerstoneunited.com\/fr\/#website\"},\"datePublished\":\"2023-11-18T15:10:24+00:00\",\"description\":\"Nous fournissons des garanties pr\u00e9cieuses pour les automobiles, les sports motoris\u00e9s, les v\u00e9hicules de loisirs, les produits nautiques et les maisons pr\u00e9fabriqu\u00e9es.\",\"breadcrumb\":{\"@id\":\"https:\/\/cornerstoneunited.com\/fr\/offres-groupees-combinaisons-accessoires\/#breadcrumb\"},\"inLanguage\":\"fr-FR\",\"potentialAction\":[{\"@type\":\"ReadAction\",\"target\":[\"https:\/\/cornerstoneunited.com\/fr\/offres-groupees-combinaisons-accessoires\/\"]}]},{\"@type\":\"BreadcrumbList\",\"@id\":\"https:\/\/cornerstoneunited.com\/fr\/offres-groupees-combinaisons-accessoires\/#breadcrumb\",\"itemListElement\":[{\"@type\":\"ListItem\",\"position\":1,\"name\":\"Home\",\"item\":\"https:\/\/cornerstoneunited.com\/fr\/\"},{\"@type\":\"ListItem\",\"position\":2,\"name\":\"Offres group\u00e9es\/combinaisons accessoires\"}]},{\"@type\":\"WebSite\",\"@id\":\"https:\/\/cornerstoneunited.com\/fr\/#website\",\"url\":\"https:\/\/cornerstoneunited.com\/fr\/\",\"name\":\"Cornerstone\",\"description\":\"Integris Design LLC Development Kit\",\"potentialAction\":[{\"@type\":\"SearchAction\",\"target\":{\"@type\":\"EntryPoint\",\"urlTemplate\":\"https:\/\/cornerstoneunited.com\/fr\/?s={search_term_string}\"},\"query-input\":{\"@type\":\"PropertyValueSpecification\",\"valueRequired\":true,\"valueName\":\"search_term_string\"}}],\"inLanguage\":\"fr-FR\"}]}<\/script>\n<!-- \/ Yoast SEO plugin. -->","yoast_head_json":{"title":"Cornerstone - Offres group\u00e9es\/combinaisons accessoires - Mise \u00e0 jour","description":"Nous fournissons des garanties pr\u00e9cieuses pour les automobiles, les sports motoris\u00e9s, les v\u00e9hicules de loisirs, les produits nautiques et les maisons pr\u00e9fabriqu\u00e9es.","robots":{"index":"index","follow":"follow","max-snippet":"max-snippet:-1","max-image-preview":"max-image-preview:large","max-video-preview":"max-video-preview:-1"},"canonical":"https:\/\/cornerstoneunited.com\/fr\/offres-groupees-combinaisons-accessoires\/","og_locale":"fr_FR","og_type":"article","og_title":"Cornerstone - Offres group\u00e9es\/combinaisons accessoires - Mise \u00e0 jour","og_description":"Nous fournissons des garanties pr\u00e9cieuses pour les automobiles, les sports motoris\u00e9s, les v\u00e9hicules de loisirs, les produits nautiques et les maisons pr\u00e9fabriqu\u00e9es.","og_url":"https:\/\/cornerstoneunited.com\/fr\/offres-groupees-combinaisons-accessoires\/","og_site_name":"Cornerstone","twitter_card":"summary_large_image","schema":{"@context":"https:\/\/schema.org","@graph":[{"@type":"WebPage","@id":"https:\/\/cornerstoneunited.com\/fr\/offres-groupees-combinaisons-accessoires\/","url":"https:\/\/cornerstoneunited.com\/fr\/offres-groupees-combinaisons-accessoires\/","name":"Cornerstone - Offres group\u00e9es\/combinaisons accessoires - Mise \u00e0 jour","isPartOf":{"@id":"https:\/\/cornerstoneunited.com\/fr\/#website"},"datePublished":"2023-11-18T15:10:24+00:00","description":"Nous fournissons des garanties pr\u00e9cieuses pour les automobiles, les sports motoris\u00e9s, les v\u00e9hicules de loisirs, les produits nautiques et les maisons pr\u00e9fabriqu\u00e9es.","breadcrumb":{"@id":"https:\/\/cornerstoneunited.com\/fr\/offres-groupees-combinaisons-accessoires\/#breadcrumb"},"inLanguage":"fr-FR","potentialAction":[{"@type":"ReadAction","target":["https:\/\/cornerstoneunited.com\/fr\/offres-groupees-combinaisons-accessoires\/"]}]},{"@type":"BreadcrumbList","@id":"https:\/\/cornerstoneunited.com\/fr\/offres-groupees-combinaisons-accessoires\/#breadcrumb","itemListElement":[{"@type":"ListItem","position":1,"name":"Home","item":"https:\/\/cornerstoneunited.com\/fr\/"},{"@type":"ListItem","position":2,"name":"Offres group\u00e9es\/combinaisons accessoires"}]},{"@type":"WebSite","@id":"https:\/\/cornerstoneunited.com\/fr\/#website","url":"https:\/\/cornerstoneunited.com\/fr\/","name":"Cornerstone","description":"Integris Design LLC Development Kit","potentialAction":[{"@type":"SearchAction","target":{"@type":"EntryPoint","urlTemplate":"https:\/\/cornerstoneunited.com\/fr\/?s={search_term_string}"},"query-input":{"@type":"PropertyValueSpecification","valueRequired":true,"valueName":"search_term_string"}}],"inLanguage":"fr-FR"}]}},"_links":{"self":[{"href":"https:\/\/cornerstoneunited.com\/fr\/wp-json\/wp\/v2\/pages\/860","targetHints":{"allow":["GET"]}}],"collection":[{"href":"https:\/\/cornerstoneunited.com\/fr\/wp-json\/wp\/v2\/pages"}],"about":[{"href":"https:\/\/cornerstoneunited.com\/fr\/wp-json\/wp\/v2\/types\/page"}],"author":[{"embeddable":true,"href":"https:\/\/cornerstoneunited.com\/fr\/wp-json\/wp\/v2\/users\/3"}],"replies":[{"embeddable":true,"href":"https:\/\/cornerstoneunited.com\/fr\/wp-json\/wp\/v2\/comments?post=860"}],"version-history":[{"count":0,"href":"https:\/\/cornerstoneunited.com\/fr\/wp-json\/wp\/v2\/pages\/860\/revisions"}],"wp:attachment":[{"href":"https:\/\/cornerstoneunited.com\/fr\/wp-json\/wp\/v2\/media?parent=860"}],"curies":[{"name":"wp","href":"https:\/\/api.w.org\/{rel}","templated":true}]}}