{"id":798,"date":"2023-11-17T12:25:53","date_gmt":"2023-11-17T17:25:53","guid":{"rendered":"https:\/\/cornerstoneunited.com\/neumaticos-y-ruedas\/"},"modified":"2023-11-17T12:25:53","modified_gmt":"2023-11-17T17:25:53","slug":"neumaticos-y-ruedas","status":"publish","type":"page","link":"https:\/\/cornerstoneunited.com\/es\/neumaticos-y-ruedas\/","title":{"rendered":"Neum\u00e1ticos y ruedas"},"content":{"rendered":"","protected":false},"excerpt":{"rendered":"","protected":false},"author":3,"featured_media":0,"parent":0,"menu_order":0,"comment_status":"closed","ping_status":"closed","template":"","meta":{"footnotes":""},"class_list":["post-798","page","type-page","status-publish","hentry"],"yoast_head":"<!-- This site is optimized with the Yoast SEO plugin v27.1.1 - https:\/\/yoast.com\/product\/yoast-seo-wordpress\/ -->\n<title>Cornerstone - Neum\u00e1ticos y Ruedas<\/title>\n<meta name=\"description\" content=\"Proporcionamos valiosos beneficios de cobertura para autom\u00f3viles, Powersports, veh\u00edculos recreativos, productos marinos y viviendas prefabricadas.\" \/>\n<meta name=\"robots\" content=\"index, follow, max-snippet:-1, max-image-preview:large, max-video-preview:-1\" \/>\n<link rel=\"canonical\" href=\"https:\/\/cornerstoneunited.com\/es\/neumaticos-y-ruedas\/\" \/>\n<meta property=\"og:locale\" content=\"es_ES\" \/>\n<meta property=\"og:type\" content=\"article\" \/>\n<meta property=\"og:title\" content=\"Cornerstone - Neum\u00e1ticos y Ruedas\" \/>\n<meta property=\"og:description\" content=\"Proporcionamos valiosos beneficios de cobertura para autom\u00f3viles, Powersports, veh\u00edculos recreativos, productos marinos y viviendas prefabricadas.\" \/>\n<meta property=\"og:url\" content=\"https:\/\/cornerstoneunited.com\/es\/neumaticos-y-ruedas\/\" \/>\n<meta property=\"og:site_name\" content=\"Cornerstone\" \/>\n<meta name=\"twitter:card\" content=\"summary_large_image\" \/>\n<script type=\"application\/ld+json\" class=\"yoast-schema-graph\">{\"@context\":\"https:\/\/schema.org\",\"@graph\":[{\"@type\":\"WebPage\",\"@id\":\"https:\/\/cornerstoneunited.com\/es\/neumaticos-y-ruedas\/\",\"url\":\"https:\/\/cornerstoneunited.com\/es\/neumaticos-y-ruedas\/\",\"name\":\"Cornerstone - Neum\u00e1ticos y Ruedas\",\"isPartOf\":{\"@id\":\"https:\/\/cornerstoneunited.com\/es\/#website\"},\"datePublished\":\"2023-11-17T17:25:53+00:00\",\"description\":\"Proporcionamos valiosos beneficios de cobertura para autom\u00f3viles, Powersports, veh\u00edculos recreativos, productos marinos y viviendas prefabricadas.\",\"breadcrumb\":{\"@id\":\"https:\/\/cornerstoneunited.com\/es\/neumaticos-y-ruedas\/#breadcrumb\"},\"inLanguage\":\"es\",\"potentialAction\":[{\"@type\":\"ReadAction\",\"target\":[\"https:\/\/cornerstoneunited.com\/es\/neumaticos-y-ruedas\/\"]}]},{\"@type\":\"BreadcrumbList\",\"@id\":\"https:\/\/cornerstoneunited.com\/es\/neumaticos-y-ruedas\/#breadcrumb\",\"itemListElement\":[{\"@type\":\"ListItem\",\"position\":1,\"name\":\"Home\",\"item\":\"https:\/\/cornerstoneunited.com\/es\/\"},{\"@type\":\"ListItem\",\"position\":2,\"name\":\"Neum\u00e1ticos y ruedas\"}]},{\"@type\":\"WebSite\",\"@id\":\"https:\/\/cornerstoneunited.com\/es\/#website\",\"url\":\"https:\/\/cornerstoneunited.com\/es\/\",\"name\":\"Cornerstone\",\"description\":\"Integris Design LLC Development Kit\",\"potentialAction\":[{\"@type\":\"SearchAction\",\"target\":{\"@type\":\"EntryPoint\",\"urlTemplate\":\"https:\/\/cornerstoneunited.com\/es\/?s={search_term_string}\"},\"query-input\":{\"@type\":\"PropertyValueSpecification\",\"valueRequired\":true,\"valueName\":\"search_term_string\"}}],\"inLanguage\":\"es\"}]}<\/script>\n<!-- \/ Yoast SEO plugin. -->","yoast_head_json":{"title":"Cornerstone - Neum\u00e1ticos y Ruedas","description":"Proporcionamos valiosos beneficios de cobertura para autom\u00f3viles, Powersports, veh\u00edculos recreativos, productos marinos y viviendas prefabricadas.","robots":{"index":"index","follow":"follow","max-snippet":"max-snippet:-1","max-image-preview":"max-image-preview:large","max-video-preview":"max-video-preview:-1"},"canonical":"https:\/\/cornerstoneunited.com\/es\/neumaticos-y-ruedas\/","og_locale":"es_ES","og_type":"article","og_title":"Cornerstone - Neum\u00e1ticos y Ruedas","og_description":"Proporcionamos valiosos beneficios de cobertura para autom\u00f3viles, Powersports, veh\u00edculos recreativos, productos marinos y viviendas prefabricadas.","og_url":"https:\/\/cornerstoneunited.com\/es\/neumaticos-y-ruedas\/","og_site_name":"Cornerstone","twitter_card":"summary_large_image","schema":{"@context":"https:\/\/schema.org","@graph":[{"@type":"WebPage","@id":"https:\/\/cornerstoneunited.com\/es\/neumaticos-y-ruedas\/","url":"https:\/\/cornerstoneunited.com\/es\/neumaticos-y-ruedas\/","name":"Cornerstone - Neum\u00e1ticos y Ruedas","isPartOf":{"@id":"https:\/\/cornerstoneunited.com\/es\/#website"},"datePublished":"2023-11-17T17:25:53+00:00","description":"Proporcionamos valiosos beneficios de cobertura para autom\u00f3viles, Powersports, veh\u00edculos recreativos, productos marinos y viviendas prefabricadas.","breadcrumb":{"@id":"https:\/\/cornerstoneunited.com\/es\/neumaticos-y-ruedas\/#breadcrumb"},"inLanguage":"es","potentialAction":[{"@type":"ReadAction","target":["https:\/\/cornerstoneunited.com\/es\/neumaticos-y-ruedas\/"]}]},{"@type":"BreadcrumbList","@id":"https:\/\/cornerstoneunited.com\/es\/neumaticos-y-ruedas\/#breadcrumb","itemListElement":[{"@type":"ListItem","position":1,"name":"Home","item":"https:\/\/cornerstoneunited.com\/es\/"},{"@type":"ListItem","position":2,"name":"Neum\u00e1ticos y ruedas"}]},{"@type":"WebSite","@id":"https:\/\/cornerstoneunited.com\/es\/#website","url":"https:\/\/cornerstoneunited.com\/es\/","name":"Cornerstone","description":"Integris Design LLC Development Kit","potentialAction":[{"@type":"SearchAction","target":{"@type":"EntryPoint","urlTemplate":"https:\/\/cornerstoneunited.com\/es\/?s={search_term_string}"},"query-input":{"@type":"PropertyValueSpecification","valueRequired":true,"valueName":"search_term_string"}}],"inLanguage":"es"}]}},"_links":{"self":[{"href":"https:\/\/cornerstoneunited.com\/es\/wp-json\/wp\/v2\/pages\/798","targetHints":{"allow":["GET"]}}],"collection":[{"href":"https:\/\/cornerstoneunited.com\/es\/wp-json\/wp\/v2\/pages"}],"about":[{"href":"https:\/\/cornerstoneunited.com\/es\/wp-json\/wp\/v2\/types\/page"}],"author":[{"embeddable":true,"href":"https:\/\/cornerstoneunited.com\/es\/wp-json\/wp\/v2\/users\/3"}],"replies":[{"embeddable":true,"href":"https:\/\/cornerstoneunited.com\/es\/wp-json\/wp\/v2\/comments?post=798"}],"version-history":[{"count":0,"href":"https:\/\/cornerstoneunited.com\/es\/wp-json\/wp\/v2\/pages\/798\/revisions"}],"wp:attachment":[{"href":"https:\/\/cornerstoneunited.com\/es\/wp-json\/wp\/v2\/media?parent=798"}],"curies":[{"name":"wp","href":"https:\/\/api.w.org\/{rel}","templated":true}]}}